{"id":26989,"date":"2024-05-16T19:10:56","date_gmt":"2024-05-16T22:10:56","guid":{"rendered":"https:\/\/desarrolloinfantil.com.ar\/di\/?post_type=product&#038;p=26989"},"modified":"2025-12-02T18:10:24","modified_gmt":"2025-12-02T21:10:24","slug":"curso-sentido-del-tacto-y-envolturas","status":"publish","type":"product","link":"https:\/\/desarrolloinfantil.com.ar\/di\/product\/curso-sentido-del-tacto-y-envolturas\/","title":{"rendered":"Curso Sentido del Tacto y Envolturas"},"content":{"rendered":"<p><iframe src=\"https:\/\/www.youtube.com\/embed\/j9GXy8izN-w\" width=\"853\" height=\"480\" frameborder=\"0\" allowfullscreen=\"allowfullscreen\"><span data-mce-type=\"bookmark\" style=\"display: inline-block; width: 0px; overflow: hidden; line-height: 0;\" class=\"mce_SELRES_start\">\ufeff<\/span><span data-mce-type=\"bookmark\" style=\"display: inline-block; width: 0px; overflow: hidden; line-height: 0;\" class=\"mce_SELRES_start\">\ufeff<\/span><\/iframe><\/p>\n<p><strong>Amar con Sabidur\u00eda: Sentido del Tacto y envolturas<\/strong><\/p>\n<p>La T\u00e9cnica del Tacto y envoltura te permite conocer m\u00e1s a tu hijo\/a, entender las causas de su comportamiento y ayudarlo con las t\u00e9cnicas de deslizamiento r\u00edtmico y el cuento de la oruguita. Estas t\u00e9cnicas le brindan paz y calma al alma del ni\u00f1o mejorando las capacidades del ni\u00f1o para relacionarse con su entorno y los dem\u00e1s.<\/p>\n<p><strong>Preguntas frecuentes:<\/strong><\/p>\n<p><b>\u00bfA qui\u00e9n va dirigido el curso?<\/b>:<\/p>\n<ul>\n<li>Madres y padres de ni\u00f1os entre 1 y 12 a\u00f1os<\/li>\n<li>Cuidadores de ni\u00f1os\u00a0 (ni\u00f1eras)<\/li>\n<li>Docentes de nivel inicial y primario<\/li>\n<\/ul>\n<p><b>\u00bfQue brinda este curso?<\/b><\/p>\n<ul>\n<li>Un contenido te\u00f3rico, pr\u00e1ctico para comprender al ni\u00f1o\/a y poder acompa\u00f1arlo.<\/li>\n<li>Ejercicios espec\u00edficos para aprender a devolver la confianza y la paz que el ni\u00f1o necesita.<\/li>\n<li>La t\u00e9cnica del Cuento de tacto y envoltura que devuelve paz y capacidad de autopercepci\u00f3n para as\u00ed poder entregarse al mundo recibir a los dem\u00e1s de manera amorosa.<\/li>\n<\/ul>\n<p><b>\u00bfQu\u00e9 lograron quienes tomaron este este curso y aplicaron la t\u00e9cnica?<\/b><\/p>\n<p>Algunos ni\u00f1os que se vieron beneficiados :<\/p>\n<ul>\n<li>Ulises dej\u00f3 de pegar a los ni\u00f1os con los que jugaba en la plaza<\/li>\n<li>Catalina comenz\u00f3 a estar m\u00e1s atenta, contenta y centrada en las tareas escolares.<\/li>\n<li>Ignacio comenz\u00f3 a comer sentado en la mesa y a aceptar verduras.<\/li>\n<li>Clara comenz\u00f3 a dormir toda la noche en la cama de su habitaci\u00f3n.<\/li>\n<li>Tiago se mostr\u00f3 m\u00e1s atento, calmo, receptivo con sus familiares y amigos.<\/li>\n<li>Ambar dej\u00f3 de orinarse en la cama durante la noche y mejor\u00f3 el v\u00ednculo con su mam\u00e1.<\/li>\n<\/ul>\n<p>\u00a1Cada ni\u00f1o que recibi\u00f3 este regalo tuvo un beneficio extraordinario!<br \/>\nEsta t\u00e9cnica una vez aprehendida se puede usar durante toda la ni\u00f1ez y ser\u00e1 un regalo para devolver la paz, la alegr\u00eda y la confianza a quien la da y a quien la recibe.<\/p>\n","protected":false},"excerpt":{"rendered":"<p>Descubr\u00ed una t\u00e9cnica maravillosa para brindar paz, calma y seguridad a tu hijo.<\/p>\n<p>Es un curso online dirigido a madres y\u00a0 padres, educadores y profesionales de la salud, en el cual desde la mirada ampliada de la Antroposof\u00eda observaremos y comprenderemos a aquellos ni\u00f1os que se muestran desafiantes, a la defensiva, enojados, \u00a0 temerosos, tristes y ya no sabemos qu\u00e9 hacer!!!!<\/p>\n<p>La T\u00e9cnica del Tacto y envoltura te permite conocer m\u00e1s a tu hijo\/a, entender las causas de su comportamiento y ayudarlo con las t\u00e9cnicas de deslizamiento r\u00edtmico y el cuento de La Oruguita. Estas t\u00e9cnicas le brindan paz y calma al alma del ni\u00f1o mejorando las capacidades del ni\u00f1o para relacionarse con su entorno y los dem\u00e1s.<\/p>\n","protected":false},"featured_media":27034,"comment_status":"open","ping_status":"closed","template":"","meta":{"inline_featured_image":false,"site-sidebar-layout":"default","site-content-layout":"default","ast-site-content-layout":"default","site-content-style":"default","site-sidebar-style":"default","ast-global-header-display":"","ast-banner-title-visibility":"","ast-main-header-display":"","ast-hfb-above-header-display":"","ast-hfb-below-header-display":"","ast-hfb-mobile-header-display":"","site-post-title":"","ast-breadcrumbs-content":"","ast-featured-img":"","footer-sml-layout":"","ast-disable-related-posts":"","theme-transparent-header-meta":"default","adv-header-id-meta":"","stick-header-meta":"","header-above-stick-meta":"","header-main-stick-meta":"","header-below-stick-meta":"","astra-migrate-meta-layouts":"set","ast-page-background-enabled":"default","ast-page-background-meta":{"desktop":{"background-color":"","background-image":"","background-repeat":"repeat","background-position":"center center","background-size":"auto","background-attachment":"scroll","background-type":"","background-media":"","overlay-type":"","overlay-color":"","overlay-opacity":"","overlay-gradient":""},"tablet":{"background-color":"","background-image":"","background-repeat":"repeat","background-position":"center center","background-size":"auto","background-attachment":"scroll","background-type":"","background-media":"","overlay-type":"","overlay-color":"","overlay-opacity":"","overlay-gradient":""},"mobile":{"background-color":"","background-image":"","background-repeat":"repeat","background-position":"center center","background-size":"auto","background-attachment":"scroll","background-type":"","background-media":"","overlay-type":"","overlay-color":"","overlay-opacity":"","overlay-gradient":""}},"ast-content-background-meta":{"desktop":{"background-color":"var(--ast-global-color-5)","background-image":"","background-repeat":"repeat","background-position":"center center","background-size":"auto","background-attachment":"scroll","background-type":"","background-media":"","overlay-type":"","overlay-color":"","overlay-opacity":"","overlay-gradient":""},"tablet":{"background-color":"var(--ast-global-color-5)","background-image":"","background-repeat":"repeat","background-position":"center center","background-size":"auto","background-attachment":"scroll","background-type":"","background-media":"","overlay-type":"","overlay-color":"","overlay-opacity":"","overlay-gradient":""},"mobile":{"background-color":"var(--ast-global-color-5)","background-image":"","background-repeat":"repeat","background-position":"center center","background-size":"auto","background-attachment":"scroll","background-type":"","background-media":"","overlay-type":"","overlay-color":"","overlay-opacity":"","overlay-gradient":""}}},"product_brand":[],"product_cat":[34],"product_tag":[],"class_list":{"0":"post-26989","1":"product","2":"type-product","3":"status-publish","4":"has-post-thumbnail","6":"product_cat-cursos","7":"desktop-align-left","8":"tablet-align-left","9":"mobile-align-left","11":"first","12":"instock","13":"virtual","14":"sold-individually","15":"purchasable","16":"product-type-simple"},"_links":{"self":[{"href":"https:\/\/desarrolloinfantil.com.ar\/di\/wp-json\/wp\/v2\/product\/26989","targetHints":{"allow":["GET"]}}],"collection":[{"href":"https:\/\/desarrolloinfantil.com.ar\/di\/wp-json\/wp\/v2\/product"}],"about":[{"href":"https:\/\/desarrolloinfantil.com.ar\/di\/wp-json\/wp\/v2\/types\/product"}],"replies":[{"embeddable":true,"href":"https:\/\/desarrolloinfantil.com.ar\/di\/wp-json\/wp\/v2\/comments?post=26989"}],"wp:featuredmedia":[{"embeddable":true,"href":"https:\/\/desarrolloinfantil.com.ar\/di\/wp-json\/wp\/v2\/media\/27034"}],"wp:attachment":[{"href":"https:\/\/desarrolloinfantil.com.ar\/di\/wp-json\/wp\/v2\/media?parent=26989"}],"wp:term":[{"taxonomy":"product_brand","embeddable":true,"href":"https:\/\/desarrolloinfantil.com.ar\/di\/wp-json\/wp\/v2\/product_brand?post=26989"},{"taxonomy":"product_cat","embeddable":true,"href":"https:\/\/desarrolloinfantil.com.ar\/di\/wp-json\/wp\/v2\/product_cat?post=26989"},{"taxonomy":"product_tag","embeddable":true,"href":"https:\/\/desarrolloinfantil.com.ar\/di\/wp-json\/wp\/v2\/product_tag?post=26989"}],"curies":[{"name":"wp","href":"https:\/\/api.w.org\/{rel}","templated":true}]}}