{"id":26047,"date":"2023-07-24T11:26:13","date_gmt":"2023-07-24T14:26:13","guid":{"rendered":"https:\/\/desarrolloinfantil.com.ar\/di\/?post_type=product&#038;p=26047"},"modified":"2024-03-25T12:56:56","modified_gmt":"2024-03-25T15:56:56","slug":"educar-con-amor-herramientas-gratuitas-para-la-crianza","status":"publish","type":"product","link":"https:\/\/desarrolloinfantil.com.ar\/di\/product\/educar-con-amor-herramientas-gratuitas-para-la-crianza\/","title":{"rendered":"Educar con amor: Herramientas gratuitas para la crianza"},"content":{"rendered":"<p>En este espero que puedas encontrar herramientas \u00fatiles para la construcci\u00f3n de una relaci\u00f3n mas sana y respetuosa con tus hijas e hijos.<\/p>\n<p>Se compone de:<\/p>\n<p>1) Podcast &#8220;Amar con sabidur\u00eda&#8221; a trav\u00e9s FM Mantra (Recopilaci\u00f3n serie completa)<br \/>\n2) T\u00e9cnica del 90\/10. Un herramienta pr\u00e1ctica para la interacci\u00f3n cotidiana.<br \/>\n3) Conferencia sobre el sue\u00f1o en el ni\u00f1o peque\u00f1o.<\/p>\n<p>Muchas gracias por estar ac\u00e1, espero que les sea muy \u00fatil para ustedes y las<br \/>\npersonitas peque\u00f1as mas importantes en sus vidas.<\/p>\n<p>&nbsp;<\/p>\n<p>&nbsp;<\/p>\n","protected":false},"excerpt":{"rendered":"<p>Un peque\u00f1o regalo por suscribirse a esta p\u00e1gina.<br \/>\nEspero que mi trabajo pueda ayudarte a encontrar las formas<br \/>\ny herramientas para construir mejores formas de relacionarte<br \/>\ncon tus hijos e hijas.<\/p>\n","protected":false},"featured_media":26048,"comment_status":"open","ping_status":"closed","template":"","meta":{"inline_featured_image":false,"site-sidebar-layout":"default","site-content-layout":"default","ast-site-content-layout":"default","site-content-style":"default","site-sidebar-style":"default","ast-global-header-display":"","ast-banner-title-visibility":"","ast-main-header-display":"","ast-hfb-above-header-display":"","ast-hfb-below-header-display":"","ast-hfb-mobile-header-display":"","site-post-title":"","ast-breadcrumbs-content":"","ast-featured-img":"","footer-sml-layout":"","ast-disable-related-posts":"","theme-transparent-header-meta":"default","adv-header-id-meta":"","stick-header-meta":"","header-above-stick-meta":"","header-main-stick-meta":"","header-below-stick-meta":"","astra-migrate-meta-layouts":"default","ast-page-background-enabled":"default","ast-page-background-meta":{"desktop":{"background-color":"","background-image":"","background-repeat":"repeat","background-position":"center center","background-size":"auto","background-attachment":"scroll","background-type":"","background-media":"","overlay-type":"","overlay-color":"","overlay-opacity":"","overlay-gradient":""},"tablet":{"background-color":"","background-image":"","background-repeat":"repeat","background-position":"center center","background-size":"auto","background-attachment":"scroll","background-type":"","background-media":"","overlay-type":"","overlay-color":"","overlay-opacity":"","overlay-gradient":""},"mobile":{"background-color":"","background-image":"","background-repeat":"repeat","background-position":"center center","background-size":"auto","background-attachment":"scroll","background-type":"","background-media":"","overlay-type":"","overlay-color":"","overlay-opacity":"","overlay-gradient":""}},"ast-content-background-meta":{"desktop":{"background-color":"var(--ast-global-color-5)","background-image":"","background-repeat":"repeat","background-position":"center center","background-size":"auto","background-attachment":"scroll","background-type":"","background-media":"","overlay-type":"","overlay-color":"","overlay-opacity":"","overlay-gradient":""},"tablet":{"background-color":"var(--ast-global-color-5)","background-image":"","background-repeat":"repeat","background-position":"center center","background-size":"auto","background-attachment":"scroll","background-type":"","background-media":"","overlay-type":"","overlay-color":"","overlay-opacity":"","overlay-gradient":""},"mobile":{"background-color":"var(--ast-global-color-5)","background-image":"","background-repeat":"repeat","background-position":"center center","background-size":"auto","background-attachment":"scroll","background-type":"","background-media":"","overlay-type":"","overlay-color":"","overlay-opacity":"","overlay-gradient":""}}},"product_brand":[],"product_cat":[34],"product_tag":[],"class_list":{"0":"post-26047","1":"product","2":"type-product","3":"status-publish","4":"has-post-thumbnail","6":"product_cat-cursos","7":"desktop-align-left","8":"tablet-align-left","9":"mobile-align-left","11":"first","12":"instock","13":"virtual","14":"sold-individually","15":"purchasable","16":"product-type-course"},"_links":{"self":[{"href":"https:\/\/desarrolloinfantil.com.ar\/di\/wp-json\/wp\/v2\/product\/26047","targetHints":{"allow":["GET"]}}],"collection":[{"href":"https:\/\/desarrolloinfantil.com.ar\/di\/wp-json\/wp\/v2\/product"}],"about":[{"href":"https:\/\/desarrolloinfantil.com.ar\/di\/wp-json\/wp\/v2\/types\/product"}],"replies":[{"embeddable":true,"href":"https:\/\/desarrolloinfantil.com.ar\/di\/wp-json\/wp\/v2\/comments?post=26047"}],"wp:featuredmedia":[{"embeddable":true,"href":"https:\/\/desarrolloinfantil.com.ar\/di\/wp-json\/wp\/v2\/media\/26048"}],"wp:attachment":[{"href":"https:\/\/desarrolloinfantil.com.ar\/di\/wp-json\/wp\/v2\/media?parent=26047"}],"wp:term":[{"taxonomy":"product_brand","embeddable":true,"href":"https:\/\/desarrolloinfantil.com.ar\/di\/wp-json\/wp\/v2\/product_brand?post=26047"},{"taxonomy":"product_cat","embeddable":true,"href":"https:\/\/desarrolloinfantil.com.ar\/di\/wp-json\/wp\/v2\/product_cat?post=26047"},{"taxonomy":"product_tag","embeddable":true,"href":"https:\/\/desarrolloinfantil.com.ar\/di\/wp-json\/wp\/v2\/product_tag?post=26047"}],"curies":[{"name":"wp","href":"https:\/\/api.w.org\/{rel}","templated":true}]}}