{"id":26017,"date":"2023-07-20T19:44:39","date_gmt":"2023-07-20T22:44:39","guid":{"rendered":"https:\/\/desarrolloinfantil.com.ar\/di\/?post_type=product&#038;p=26017"},"modified":"2025-08-10T20:11:32","modified_gmt":"2025-08-10T23:11:32","slug":"conectar-desde-las-emociones","status":"publish","type":"product","link":"https:\/\/desarrolloinfantil.com.ar\/di\/product\/conectar-desde-las-emociones\/","title":{"rendered":"Conectar desde las emociones"},"content":{"rendered":"<p><strong>Primer M\u00f3dulo: <em>El enojo, la frustraci\u00f3n y la ira<\/em><\/strong><\/p>\n<ul>\n<li>El alma y sus facultades desde el punto de vista de la Antroposof\u00eda \u00bfQu\u00e9 son las emociones? \u00bfC\u00f3mo integrarlas? \u00bfTodas son necesarias? \u00bfSomos capaces de acompa\u00f1ar las emociones de los ni\u00f1os y ni\u00f1as?<br \/>\nImagen del ser humano desde la mirada ampliada de la Antroposof\u00eda.<\/li>\n<li>Los 4 rangos desde donde vienen las emociones. Emociones biol\u00f3gicas heredadas. Emociones seg\u00fan las energ\u00edas planetarias. Emociones en relaciones sociales. Emociones que vienen de traumas.<\/li>\n<li>La frustraci\u00f3n, el enojo y la ira.<\/li>\n<li>Ejercicio 1 para descubrir c\u00f3mo transformar estas emociones.<\/li>\n<li>Ejercicio 2 para aprehender a integrar las emociones de enojo, ira y frustraci\u00f3n.<\/li>\n<li>4 Claves\/ herramientas para desarrollar el amor en la voluntad.<\/li>\n<\/ul>\n<p><strong>Segundo M\u00f3dulo: <em>Una nueva actitud emocional<\/em><\/strong><\/p>\n<ul>\n<li>Las emociones: \u00bfqu\u00e9 son? \u00bfQu\u00e9 nos permiten? que nos dicen?<\/li>\n<li>Resumen del primer m\u00f3dulo. De d\u00f3nde vienen las emociones?<\/li>\n<li>Ejercicio pr\u00e1ctico.<\/li>\n<li>\u00bfQu\u00e9 prefieres? tener raz\u00f3n o tener paz.<\/li>\n<li>Acciones que necesitamos para dejar de actuar en autom\u00e1tico.<\/li>\n<li>Desde el control emocional al desarrollo de una integral y amorosa actitud emocional para con nuestros hijos.<\/li>\n<li>C\u00f3mo funciona el cerebro a la hora de accionar emocionalmente desde todo el organismo corporal.<\/li>\n<li>La frustraci\u00f3n, el miedo, el dolor. Como lo veo en mi? \u00bfC\u00f3mo puedo ayudar al ni\u00f1o?<\/li>\n<li>Ejercicio pr\u00e1ctico para bajar del pensamiento al coraz\u00f3n y tomar la fuerza y la paz desde all\u00ed.<\/li>\n<li>De la Reactividad a la creatividad. 4 herramientas pr\u00e1cticas para la Educaci\u00f3n Emocional.<\/li>\n<\/ul>\n<p><strong>Tercer M\u00f3dulo: <em>Del miedo al amor.<\/em><\/strong><\/p>\n<ul>\n<li>Resumen para poner en pr\u00e1ctica: Frustraci\u00f3n, enojo, ira, furia.<\/li>\n<li>Del miedo al amor (consejos pr\u00e1cticos).<\/li>\n<li>Tipos de miedos como identificarlos para sanarlos.<\/li>\n<li>La culpa y la inseguridad en la crianza. \u00bfC\u00f3mo empoderarse para tomar nuevas decisiones?<\/li>\n<li>El vac\u00edo emocional que genera dependencia emocional.<\/li>\n<li>\u00bfQu\u00e9 es la comunicaci\u00f3n no violenta?<\/li>\n<li>4 herramientas pr\u00e1cticas para la educaci\u00f3n emocional d\u00eda a d\u00eda.<\/li>\n<\/ul>\n<p><strong>Bono de regalo<\/strong><br \/>\nClase especial: <em>Heridas emocionales. Sana a tu ni\u00f1a\/o interior<\/em><\/p>\n","protected":false},"excerpt":{"rendered":"<p>En este curso te encontrar\u00e1s con 3 conferencias magistrales que te permitir\u00e1n comprender todo el mundo de las emociones, con PDF con ejercicios pr\u00e1cticos en casa modulo.<\/p>\n<ul>\n<li aria-level=\"1\"><b>El enojo, la frustraci\u00f3n, la ira.<\/b><\/li>\n<li aria-level=\"1\"><b>La dependencia emocional.<\/b><\/li>\n<li aria-level=\"1\"><b>El miedo, el terror.<\/b><\/li>\n<li aria-level=\"1\"><b>La base org\u00e1nica de las emociones: El cuerpo. La funci\u00f3n Cerebral.<\/b><\/li>\n<\/ul>\n<p><b>M\u00e1s 2 bonos de regalo:<\/b><\/p>\n<ul>\n<li aria-level=\"1\">C\u00f3mo funcionan los castigos en el nivel emocional. Aprende a ser un bombero emocional de tu hijo.<\/li>\n<li aria-level=\"1\">Clase especial sobre Heridas emocionales y sanaci\u00f3n de\u00a0 tu ni\u00f1a interior. Con meditaci\u00f3n y ejercicio art\u00edstico para hacer entre 2 personas.<\/li>\n<\/ul>\n","protected":false},"featured_media":27001,"comment_status":"open","ping_status":"closed","template":"","meta":{"inline_featured_image":false,"site-sidebar-layout":"default","site-content-layout":"default","ast-site-content-layout":"default","site-content-style":"default","site-sidebar-style":"default","ast-global-header-display":"","ast-banner-title-visibility":"","ast-main-header-display":"","ast-hfb-above-header-display":"","ast-hfb-below-header-display":"","ast-hfb-mobile-header-display":"","site-post-title":"","ast-breadcrumbs-content":"","ast-featured-img":"","footer-sml-layout":"","ast-disable-related-posts":"","theme-transparent-header-meta":"default","adv-header-id-meta":"","stick-header-meta":"","header-above-stick-meta":"","header-main-stick-meta":"","header-below-stick-meta":"","astra-migrate-meta-layouts":"set","ast-page-background-enabled":"default","ast-page-background-meta":{"desktop":{"background-color":"","background-image":"","background-repeat":"repeat","background-position":"center center","background-size":"auto","background-attachment":"scroll","background-type":"","background-media":"","overlay-type":"","overlay-color":"","overlay-opacity":"","overlay-gradient":""},"tablet":{"background-color":"","background-image":"","background-repeat":"repeat","background-position":"center center","background-size":"auto","background-attachment":"scroll","background-type":"","background-media":"","overlay-type":"","overlay-color":"","overlay-opacity":"","overlay-gradient":""},"mobile":{"background-color":"","background-image":"","background-repeat":"repeat","background-position":"center center","background-size":"auto","background-attachment":"scroll","background-type":"","background-media":"","overlay-type":"","overlay-color":"","overlay-opacity":"","overlay-gradient":""}},"ast-content-background-meta":{"desktop":{"background-color":"var(--ast-global-color-5)","background-image":"","background-repeat":"repeat","background-position":"center center","background-size":"auto","background-attachment":"scroll","background-type":"","background-media":"","overlay-type":"","overlay-color":"","overlay-opacity":"","overlay-gradient":""},"tablet":{"background-color":"var(--ast-global-color-5)","background-image":"","background-repeat":"repeat","background-position":"center center","background-size":"auto","background-attachment":"scroll","background-type":"","background-media":"","overlay-type":"","overlay-color":"","overlay-opacity":"","overlay-gradient":""},"mobile":{"background-color":"var(--ast-global-color-5)","background-image":"","background-repeat":"repeat","background-position":"center center","background-size":"auto","background-attachment":"scroll","background-type":"","background-media":"","overlay-type":"","overlay-color":"","overlay-opacity":"","overlay-gradient":""}}},"product_brand":[],"product_cat":[34],"product_tag":[],"class_list":{"0":"post-26017","1":"product","2":"type-product","3":"status-publish","4":"has-post-thumbnail","6":"product_cat-cursos","7":"desktop-align-left","8":"tablet-align-left","9":"mobile-align-left","11":"first","12":"instock","13":"virtual","14":"sold-individually","15":"purchasable","16":"product-type-simple"},"_links":{"self":[{"href":"https:\/\/desarrolloinfantil.com.ar\/di\/wp-json\/wp\/v2\/product\/26017","targetHints":{"allow":["GET"]}}],"collection":[{"href":"https:\/\/desarrolloinfantil.com.ar\/di\/wp-json\/wp\/v2\/product"}],"about":[{"href":"https:\/\/desarrolloinfantil.com.ar\/di\/wp-json\/wp\/v2\/types\/product"}],"replies":[{"embeddable":true,"href":"https:\/\/desarrolloinfantil.com.ar\/di\/wp-json\/wp\/v2\/comments?post=26017"}],"wp:featuredmedia":[{"embeddable":true,"href":"https:\/\/desarrolloinfantil.com.ar\/di\/wp-json\/wp\/v2\/media\/27001"}],"wp:attachment":[{"href":"https:\/\/desarrolloinfantil.com.ar\/di\/wp-json\/wp\/v2\/media?parent=26017"}],"wp:term":[{"taxonomy":"product_brand","embeddable":true,"href":"https:\/\/desarrolloinfantil.com.ar\/di\/wp-json\/wp\/v2\/product_brand?post=26017"},{"taxonomy":"product_cat","embeddable":true,"href":"https:\/\/desarrolloinfantil.com.ar\/di\/wp-json\/wp\/v2\/product_cat?post=26017"},{"taxonomy":"product_tag","embeddable":true,"href":"https:\/\/desarrolloinfantil.com.ar\/di\/wp-json\/wp\/v2\/product_tag?post=26017"}],"curies":[{"name":"wp","href":"https:\/\/api.w.org\/{rel}","templated":true}]}}