{"id":25443,"date":"2023-05-03T16:01:11","date_gmt":"2023-05-03T19:01:11","guid":{"rendered":"https:\/\/desarrolloinfantil.com.ar\/di\/?post_type=product&#038;p=25443"},"modified":"2025-10-21T09:55:12","modified_gmt":"2025-10-21T12:55:12","slug":"crianza-respetuosa-a-traves-de-los-sentidos","status":"publish","type":"product","link":"https:\/\/desarrolloinfantil.com.ar\/di\/product\/crianza-respetuosa-a-traves-de-los-sentidos\/","title":{"rendered":"Crianza respetuosa a trav\u00e9s de los sentidos"},"content":{"rendered":"<div class=\"ast-oembed-container \" style=\"height: 100%;\"><iframe title=\"Curso Online Crianza Respetuosa desde los sentidos\" width=\"500\" height=\"281\" src=\"https:\/\/www.youtube.com\/embed\/sOrU3n4Niuc?feature=oembed\" frameborder=\"0\" allow=\"accelerometer; autoplay; clipboard-write; encrypted-media; gyroscope; picture-in-picture; web-share\" referrerpolicy=\"strict-origin-when-cross-origin\" allowfullscreen><\/iframe><\/div>\n<p>Adquir\u00ed ahora el curso completo con un descuento inicial de m\u00e1s del 20%.<\/p>\n<p>Este curso te brindara contenido te\u00f3rico practico para trasformar situaciones problem\u00e1ticas, crisis y malestares. Con contenido de excelencia para que aprendas a conocer a tu hijo\/a y brindarles lo que necesitan.<\/p>\n<p><span style=\"font-weight: 400;\">Desde la mirada ampliada de la Antroposof\u00eda podemos ver al ser humano como un ser bio-psico-social y espiritual. En este curso abordaremos dos tipos de herramientas para que te desarrolles como educador, ya seas padre, madre cuidador\/a o profesional de la salud.<\/span><\/p>\n<p><span style=\"font-weight: 400;\">Te permitir\u00e1 crear las condiciones f\u00edsicas externas que brinden confianza, seguridad, alegria y calma a los ni\u00f1os y ni\u00f1as que te convocan.\u00a0<\/span><\/p>\n<p><span style=\"font-weight: 400;\">Te permitir\u00e1 desarrollar cuatro claves interiores para lograr los cambios que te propongas.<\/span><\/p>\n<table>\n<tbody>\n<tr>\n<td style=\"text-align: center;\"><b>A qui\u00e9nes va dirigido?<\/b><\/td>\n<th style=\"text-align: center;\"><b>\u00bfQu\u00e9 te brindara esta charla taller?<\/b><\/th>\n<th style=\"text-align: center;\"><b>Materiales que vas a necesitar:<\/b><\/th>\n<\/tr>\n<tr>\n<th>\n<ul>\n<li style=\"font-weight: 400; text-align: left;\"><span style=\"font-weight: 400;\"><span style=\"font-weight: 400;\">Madres y padres en situaciones de crianza en crisis.<\/span><\/span><\/li>\n<li style=\"font-weight: 400; text-align: left;\"><span style=\"font-weight: 400;\"><span style=\"font-weight: 400;\">Abuelos y Abuelas que quieran acompa\u00f1ar a sus hijos en crianza respetuosa.<\/span><\/span><\/li>\n<li style=\"font-weight: 400; text-align: left;\"><span style=\"font-weight: 400;\"><span style=\"font-weight: 400;\">Cuidadores de ni\u00f1os peque\u00f1os.<\/span><\/span><\/li>\n<li style=\"font-weight: 400; text-align: left;\"><span style=\"font-weight: 400;\"><span style=\"font-weight: 400;\">Ni\u00f1eras.<\/span><\/span><\/li>\n<li style=\"font-weight: 400; text-align: left;\"><span style=\"font-weight: 400;\"><span style=\"font-weight: 400;\">Maestras y docentes de nivel maternal e inicial.<\/span><\/span><\/li>\n<li style=\"font-weight: 400; text-align: left;\"><span style=\"font-weight: 400;\">P\u00fablico en general<\/span><\/li>\n<\/ul>\n<\/th>\n<td><span style=\"font-weight: 400;\">Contenido te\u00f3rico y pr\u00e1ctico\u00a0 sobre la mirada antropos\u00f3fica del ser humano.<br \/>\n<\/span><span style=\"font-weight: 400;\">Herramientas para poder observar y transformar aquello doloroso que hay en ti sobre la crianza de tus hijos.<br \/>\n<\/span><span style=\"font-weight: 400;\">Herramientas para la crianza cotidiana en situaciones de malestares.<br \/>\n<\/span><span style=\"font-weight: 400;\">Herramientas para brindar confianza en el ni\u00f1o.<br \/>\n<\/span><span style=\"font-weight: 400;\">Herramientas para poder brindar seguridad y estabilidad en el d\u00eda a d\u00eda.<br \/>\n<\/span><span style=\"font-weight: 400;\">Herramientas para crear las condiciones que posibilitan la alegr\u00eda y la calma.<br \/>\n<\/span><span style=\"font-weight: 400;\">Herramientas para acompa\u00f1ar situaciones de berrinches.<br \/>\n<\/span><span style=\"font-weight: 400;\">Herramientas para armar tu propio manual o gu\u00eda de crianza respetuosa en base a tus propias elecciones, decisiones y conociendo al ni\u00f1o o ni\u00f1a a tu cuidado.<\/span><\/td>\n<td>\n<p style=\"text-align: left;\">PC o Celular (con conexi\u00f3n a internet)<\/p>\n<p style=\"text-align: left;\">Cuaderno para tomar nota y hacer tu propio libro de Crianza.<\/p>\n<p style=\"text-align: left;\">Fotos de los ni\u00f1os o ni\u00f1as que convocan a que hagas este curso.<\/p>\n<p style=\"text-align: left;\">Lapicera, l\u00e1pices o crayones de colores.<\/p>\n<p style=\"text-align: left;\">Motivaci\u00f3n ganas de transformarte y cambiar por aquellos a los que m\u00e1s amas.<\/p>\n<p style=\"text-align: left;\">Ganas de autoeducaci\u00f3n.<\/p>\n<p style=\"text-align: left;\">Creatividad para las experiencias que se propondr\u00e1n.<\/p>\n<\/td>\n<\/tr>\n<\/tbody>\n<\/table>\n<p>El curso estar\u00e1 disponible a partir del 20 de febrero.<\/p>\n<table>\n<tbody>\n<tr>\n<th>M\u00d3DULO I<\/th>\n<th>M\u00f3dulo II<\/th>\n<\/tr>\n<tr>\n<td>Claves para una crianza respetuosa.<br \/>\nMi hijo mi espejo<br \/>\nAceptaci\u00f3n<br \/>\nPreparar un anhelo<br \/>\nTips para la salud en casa .<br \/>\nBerrinches. Como los gestionamos.<br \/>\n4 tipos de Crianza ( autoritaria,\u00a0 sobreprotectora,\u00a0 permisiva, ausente)<br \/>\nCu\u00e1ndo gritamos? C\u00f3mo lograr dejar de gritar.<\/td>\n<td>Del instinto a la intuici\u00f3n, del miedo al amor, del control a la aceptaci\u00f3n. De la religi\u00f3n a la espiritualidad.<\/p>\n<p>Recordar las claves desarrolladas en el primer modulo: Observacion\u00a0 A- Mi hijo mi espejo. B-Aceptaci\u00f3n C- Anhelo,<br \/>\nIntroducci\u00f3n a una mirada del desarrollo del alma: pensar, sentir, querer (voluntad)<br \/>\nIntuici\u00f3n, Empat\u00eda y Sabidur\u00eda. Ejercicio pr\u00e1ctico para desarrollarlas.<br \/>\nPresentaci\u00f3n de las 4 claves o 4 tipos de cuidado que responden a 4 necesidades b\u00e1sicas en el ni\u00f1o (confianza, seguridad, alegr\u00eda calma, en el ni\u00f1o y en el hogar)<br \/>\nClave I . Del miedo al amor.<br \/>\nEl desarrollo del sentido del tacto como herramienta para devolver o afianzar el sentimiento de confianza en el hogar. La base del respeto mutuo.<br \/>\nElementos del lenguaje que no proporcionan salud, (los chistes, los \u201cViste?\u201d, r\u00f3tulos)<br \/>\nTecnolog\u00eda, pantallas. Las proporcionamos? Las eliminamos?<br \/>\nDel grito a la palabra!<br \/>\nMeditaci\u00f3n de las manos.<br \/>\nPreguntas, plenario.<\/td>\n<\/tr>\n<tr>\n<th>M\u00f3dulo III<\/th>\n<th>M\u00f3dulo IV<\/th>\n<\/tr>\n<tr>\n<td>De la inseguridad a la sabidur\u00eda, de la tristeza\u00a0 a la alegr\u00eda.<\/p>\n<p>Clave II. El desarrollo del sentido del vital como herramienta para devolver el sentimiento de seguridad en el ni\u00f1o y en el hogar. La capacidad de que el ni\u00f1o tenga ideas y pueda pensar.<br \/>\nClave III y IV. El sano desarrollo del sentido del movimiento y equilibrio como herramienta para fortalecer o devolver el sentimiento de alegr\u00eda y calma en el ni\u00f1o y el hogar.<br \/>\nEl desarrollo del lenguaje. Aprender a hablar y aprender a escuchar.<br \/>\nLa capacidad del futuro: LA VOLUNTAD, \u00bfC\u00f3mo favorecer su sano desarrollo?<br \/>\nClaves para dar lo mejor de nosotros mismos como adultos.<br \/>\nPlenario<\/td>\n<td>Del control a la aceptaci\u00f3n, de las reglas a los acuerdos mutuos.<\/p>\n<p>Higiene psicol\u00f3gica para adultos (herramientas para no desbordarse en momentos de caos)<br \/>\nPedagog\u00eda de emergencia. Inteligencia emocional.<br \/>\nLos 5 pasos para trasformar el enojo en aceptaci\u00f3n y calma, fortaleciendo la resiliencia<br \/>\n4 tipos de Crianza ( autoritaria,\u00a0 sobreprotectora,\u00a0 permisiva, ausente)<br \/>\nLa crianza consiente y de cooperaci\u00f3n como alternativa. Como ponerla en pr\u00e1ctica para el beneficio de todos?<br \/>\nFrustraciones, 4 maneras de responder a ellas. Pasos del berrinche.<br \/>\nClaves para una Autoestima positiva. Penitencias, castigos o premios.<br \/>\nEgo vs rendici\u00f3n<br \/>\nPlenarios<\/td>\n<\/tr>\n<\/tbody>\n<\/table>\n","protected":false},"excerpt":{"rendered":"<p>Este curso te brindara contenido te\u00f3rico practico para trasformar situaciones problem\u00e1ticas, crisis y malestares. Con contenido de excelencia para que aprendas a conocer a tu hijo\/a y brindarles lo que necesitan.<\/p>\n<p>La estructura de este curso se plantea en 5 trayectos de aprendizaje, que se componen de:<br \/>\n&#8211; Material audiovisual.<br \/>\n&#8211; Herramientas y ejercicios descargables en pdf.<br \/>\n&#8211; Podcasts<br \/>\n&#8211; Grupos de apoyo v\u00eda zoom<br \/>\n&#8211; Ejercicios de visualizaci\u00f3n y meditaci\u00f3n.<\/p>\n","protected":false},"featured_media":27923,"comment_status":"open","ping_status":"closed","template":"","meta":{"inline_featured_image":false,"site-sidebar-layout":"default","site-content-layout":"default","ast-site-content-layout":"default","site-content-style":"default","site-sidebar-style":"default","ast-global-header-display":"","ast-banner-title-visibility":"","ast-main-header-display":"","ast-hfb-above-header-display":"","ast-hfb-below-header-display":"","ast-hfb-mobile-header-display":"","site-post-title":"","ast-breadcrumbs-content":"","ast-featured-img":"","footer-sml-layout":"","ast-disable-related-posts":"","theme-transparent-header-meta":"default","adv-header-id-meta":"","stick-header-meta":"","header-above-stick-meta":"","header-main-stick-meta":"","header-below-stick-meta":"","astra-migrate-meta-layouts":"set","ast-page-background-enabled":"default","ast-page-background-meta":{"desktop":{"background-color":"","background-image":"","background-repeat":"repeat","background-position":"center center","background-size":"auto","background-attachment":"scroll","background-type":"","background-media":"","overlay-type":"","overlay-color":"","overlay-opacity":"","overlay-gradient":""},"tablet":{"background-color":"","background-image":"","background-repeat":"repeat","background-position":"center center","background-size":"auto","background-attachment":"scroll","background-type":"","background-media":"","overlay-type":"","overlay-color":"","overlay-opacity":"","overlay-gradient":""},"mobile":{"background-color":"","background-image":"","background-repeat":"repeat","background-position":"center center","background-size":"auto","background-attachment":"scroll","background-type":"","background-media":"","overlay-type":"","overlay-color":"","overlay-opacity":"","overlay-gradient":""}},"ast-content-background-meta":{"desktop":{"background-color":"var(--ast-global-color-5)","background-image":"","background-repeat":"repeat","background-position":"center center","background-size":"auto","background-attachment":"scroll","background-type":"","background-media":"","overlay-type":"","overlay-color":"","overlay-opacity":"","overlay-gradient":""},"tablet":{"background-color":"var(--ast-global-color-5)","background-image":"","background-repeat":"repeat","background-position":"center center","background-size":"auto","background-attachment":"scroll","background-type":"","background-media":"","overlay-type":"","overlay-color":"","overlay-opacity":"","overlay-gradient":""},"mobile":{"background-color":"var(--ast-global-color-5)","background-image":"","background-repeat":"repeat","background-position":"center center","background-size":"auto","background-attachment":"scroll","background-type":"","background-media":"","overlay-type":"","overlay-color":"","overlay-opacity":"","overlay-gradient":""}}},"product_brand":[],"product_cat":[34],"product_tag":[],"class_list":{"0":"post-25443","1":"product","2":"type-product","3":"status-publish","4":"has-post-thumbnail","6":"product_cat-cursos","7":"desktop-align-left","8":"tablet-align-left","9":"mobile-align-left","11":"first","12":"instock","13":"virtual","14":"sold-individually","15":"purchasable","16":"product-type-simple"},"_links":{"self":[{"href":"https:\/\/desarrolloinfantil.com.ar\/di\/wp-json\/wp\/v2\/product\/25443","targetHints":{"allow":["GET"]}}],"collection":[{"href":"https:\/\/desarrolloinfantil.com.ar\/di\/wp-json\/wp\/v2\/product"}],"about":[{"href":"https:\/\/desarrolloinfantil.com.ar\/di\/wp-json\/wp\/v2\/types\/product"}],"replies":[{"embeddable":true,"href":"https:\/\/desarrolloinfantil.com.ar\/di\/wp-json\/wp\/v2\/comments?post=25443"}],"wp:featuredmedia":[{"embeddable":true,"href":"https:\/\/desarrolloinfantil.com.ar\/di\/wp-json\/wp\/v2\/media\/27923"}],"wp:attachment":[{"href":"https:\/\/desarrolloinfantil.com.ar\/di\/wp-json\/wp\/v2\/media?parent=25443"}],"wp:term":[{"taxonomy":"product_brand","embeddable":true,"href":"https:\/\/desarrolloinfantil.com.ar\/di\/wp-json\/wp\/v2\/product_brand?post=25443"},{"taxonomy":"product_cat","embeddable":true,"href":"https:\/\/desarrolloinfantil.com.ar\/di\/wp-json\/wp\/v2\/product_cat?post=25443"},{"taxonomy":"product_tag","embeddable":true,"href":"https:\/\/desarrolloinfantil.com.ar\/di\/wp-json\/wp\/v2\/product_tag?post=25443"}],"curies":[{"name":"wp","href":"https:\/\/api.w.org\/{rel}","templated":true}]}}